{"id":296,"date":"2022-06-30T10:54:05","date_gmt":"2022-06-30T10:54:05","guid":{"rendered":"https:\/\/www.trigo.no\/?page_id=296"},"modified":"2025-03-06T19:09:49","modified_gmt":"2025-03-06T19:09:49","slug":"klinikker","status":"publish","type":"page","link":"https:\/\/www.trigo.no\/en\/klinikker","title":{"rendered":"Clinics"},"content":{"rendered":"","protected":false},"excerpt":{"rendered":"","protected":false},"author":1,"featured_media":0,"parent":0,"menu_order":0,"comment_status":"closed","ping_status":"closed","template":"clinics.php","meta":{"_acf_changed":false,"footnotes":""},"class_list":["post-296","page","type-page","status-publish","hentry"],"acf":[],"yoast_head":"<!-- This site is optimized with the Yoast SEO plugin v27.5 - https:\/\/yoast.com\/product\/yoast-seo-wordpress\/ -->\n<title>ClinicsBergen physiotherapist | innovative personalised programmes<\/title>\n<meta name=\"description\" content=\"Bergen physiotherapist. Professional physiotherapy treatment with personalised programmes, delivered through the innovative Trigo app.\" \/>\n<meta name=\"robots\" content=\"index, follow, max-snippet:-1, max-image-preview:large, max-video-preview:-1\" \/>\n<link rel=\"canonical\" href=\"https:\/\/www.trigo.no\/en\/klinikker\" \/>\n<meta property=\"og:locale\" content=\"en_GB\" \/>\n<meta property=\"og:locale:alternate\" content=\"nb_NO\" \/>\n<meta property=\"og:type\" content=\"article\" \/>\n<meta property=\"og:title\" content=\"ClinicsBergen physiotherapist | innovative personalised programmes\" \/>\n<meta property=\"og:description\" content=\"Bergen physiotherapist. Professional physiotherapy treatment with personalised programmes, delivered through the innovative Trigo app.\" \/>\n<meta property=\"og:url\" content=\"https:\/\/www.trigo.no\/en\/klinikker\" \/>\n<meta property=\"og:site_name\" content=\"Trigo: Trigo puts you in control of your physical health and wellbeing\" \/>\n<meta property=\"article:publisher\" content=\"https:\/\/www.facebook.com\/profile.php?id=100063561103743\" \/>\n<meta property=\"article:modified_time\" content=\"2025-03-06T19:09:49+00:00\" \/>\n<meta name=\"twitter:card\" content=\"summary_large_image\" \/>\n<meta name=\"twitter:label1\" content=\"Estimated reading time\" \/>\n\t<meta name=\"twitter:data1\" content=\"4 minutes\" \/>\n<script type=\"application\/ld+json\" class=\"yoast-schema-graph\">{\"@context\":\"https:\\\/\\\/schema.org\",\"@graph\":[{\"@type\":\"WebPage\",\"@id\":\"https:\\\/\\\/www.trigo.no\\\/klinikker\",\"url\":\"https:\\\/\\\/www.trigo.no\\\/klinikker\",\"name\":\"ClinicsBergen physiotherapist | innovative personalised programmes\",\"isPartOf\":{\"@id\":\"https:\\\/\\\/www.trigo.no\\\/#website\"},\"datePublished\":\"2022-06-30T10:54:05+00:00\",\"dateModified\":\"2025-03-06T19:09:49+00:00\",\"description\":\"Bergen physiotherapist. Professional physiotherapy treatment with personalised programmes, delivered through the innovative Trigo app.\",\"breadcrumb\":{\"@id\":\"https:\\\/\\\/www.trigo.no\\\/klinikker#breadcrumb\"},\"inLanguage\":\"en-GB\",\"potentialAction\":[{\"@type\":\"ReadAction\",\"target\":[\"https:\\\/\\\/www.trigo.no\\\/klinikker\"]}]},{\"@type\":\"BreadcrumbList\",\"@id\":\"https:\\\/\\\/www.trigo.no\\\/klinikker#breadcrumb\",\"itemListElement\":[{\"@type\":\"ListItem\",\"position\":1,\"name\":\"Home\",\"item\":\"https:\\\/\\\/www.trigo.no\\\/\"},{\"@type\":\"ListItem\",\"position\":2,\"name\":\"Klinikker\"}]},{\"@type\":\"WebSite\",\"@id\":\"https:\\\/\\\/www.trigo.no\\\/#website\",\"url\":\"https:\\\/\\\/www.trigo.no\\\/\",\"name\":\"Trigo: Trigo puts you in control of your physical health and wellbeing\",\"description\":\"Trigo puts you in control of your physical health and wellbeing\",\"publisher\":{\"@id\":\"https:\\\/\\\/www.trigo.no\\\/#organization\"},\"alternateName\":\"Trigo Tech AS\",\"potentialAction\":[{\"@type\":\"SearchAction\",\"target\":{\"@type\":\"EntryPoint\",\"urlTemplate\":\"https:\\\/\\\/www.trigo.no\\\/?s={search_term_string}\"},\"query-input\":{\"@type\":\"PropertyValueSpecification\",\"valueRequired\":true,\"valueName\":\"search_term_string\"}}],\"inLanguage\":\"en-GB\"},{\"@type\":\"Organization\",\"@id\":\"https:\\\/\\\/www.trigo.no\\\/#organization\",\"name\":\"Trigo: Trigo puts you in control of your physical health and wellbeing\",\"alternateName\":\"Trigo Tech AS\",\"url\":\"https:\\\/\\\/www.trigo.no\\\/\",\"logo\":{\"@type\":\"ImageObject\",\"inLanguage\":\"en-GB\",\"@id\":\"https:\\\/\\\/www.trigo.no\\\/#\\\/schema\\\/logo\\\/image\\\/\",\"url\":\"https:\\\/\\\/www.trigo.no\\\/wp-content\\\/uploads\\\/2022\\\/10\\\/trigo_logo.png\",\"contentUrl\":\"https:\\\/\\\/www.trigo.no\\\/wp-content\\\/uploads\\\/2022\\\/10\\\/trigo_logo.png\",\"width\":496,\"height\":128,\"caption\":\"Trigo: Trigo puts you in control of your physical health and wellbeing\"},\"image\":{\"@id\":\"https:\\\/\\\/www.trigo.no\\\/#\\\/schema\\\/logo\\\/image\\\/\"},\"sameAs\":[\"https:\\\/\\\/www.facebook.com\\\/profile.php?id=100063561103743\",\"https:\\\/\\\/www.linkedin.com\\\/company\\\/trigo\\\/\",\"https:\\\/\\\/www.instagram.com\\\/trigoonthego\\\/\"]}]}<\/script>\n<!-- \/ Yoast SEO plugin. -->","yoast_head_json":{"title":"ClinicsBergen physiotherapist | innovative personalised programmes","description":"Bergen physiotherapist. Professional physiotherapy treatment with personalised programmes, delivered through the innovative Trigo app.","robots":{"index":"index","follow":"follow","max-snippet":"max-snippet:-1","max-image-preview":"max-image-preview:large","max-video-preview":"max-video-preview:-1"},"canonical":"https:\/\/www.trigo.no\/en\/klinikker","og_locale":"en_GB","og_type":"article","og_title":"[:nb][:nb]Klinikker[:en]Clinics[:] i Bergen | Nettverk av fysioterapeuter[:en]Bergen physiotherapist | innovative personalised programmes[:]","og_description":"[:nb]Trigo har klinikker du kan bes\u00f8ke om du har behov for fysioterapi. Vi \u00f8nsker ogs\u00e5 \u00e5 bygge et nettverk av fysioterapeuter over hele landet.[:en]Bergen physiotherapist. Professional physiotherapy treatment with personalised programmes, delivered through the innovative Trigo app.[:]","og_url":"https:\/\/www.trigo.no\/en\/klinikker","og_site_name":"Trigo: Trigo puts you in control of your physical health and wellbeing","article_publisher":"https:\/\/www.facebook.com\/profile.php?id=100063561103743","article_modified_time":"2025-03-06T19:09:49+00:00","twitter_card":"summary_large_image","twitter_misc":{"Estimated reading time":"4 minutes"},"schema":{"@context":"https:\/\/schema.org","@graph":[{"@type":"WebPage","@id":"https:\/\/www.trigo.no\/klinikker","url":"https:\/\/www.trigo.no\/klinikker","name":"ClinicsBergen physiotherapist | innovative personalised programmes","isPartOf":{"@id":"https:\/\/www.trigo.no\/#website"},"datePublished":"2022-06-30T10:54:05+00:00","dateModified":"2025-03-06T19:09:49+00:00","description":"Bergen physiotherapist. Professional physiotherapy treatment with personalised programmes, delivered through the innovative Trigo app.","breadcrumb":{"@id":"https:\/\/www.trigo.no\/klinikker#breadcrumb"},"inLanguage":"en-GB","potentialAction":[{"@type":"ReadAction","target":["https:\/\/www.trigo.no\/klinikker"]}]},{"@type":"BreadcrumbList","@id":"https:\/\/www.trigo.no\/klinikker#breadcrumb","itemListElement":[{"@type":"ListItem","position":1,"name":"Home","item":"https:\/\/www.trigo.no\/"},{"@type":"ListItem","position":2,"name":"Klinikker"}]},{"@type":"WebSite","@id":"https:\/\/www.trigo.no\/#website","url":"https:\/\/www.trigo.no\/","name":"Trigo: Trigo puts you in control of your physical health and wellbeing","description":"Trigo puts you in control of your physical health and wellbeing","publisher":{"@id":"https:\/\/www.trigo.no\/#organization"},"alternateName":"Trigo Tech AS","potentialAction":[{"@type":"SearchAction","target":{"@type":"EntryPoint","urlTemplate":"https:\/\/www.trigo.no\/?s={search_term_string}"},"query-input":{"@type":"PropertyValueSpecification","valueRequired":true,"valueName":"search_term_string"}}],"inLanguage":"en-GB"},{"@type":"Organization","@id":"https:\/\/www.trigo.no\/#organization","name":"Trigo: Trigo puts you in control of your physical health and wellbeing","alternateName":"Trigo Tech AS","url":"https:\/\/www.trigo.no\/","logo":{"@type":"ImageObject","inLanguage":"en-GB","@id":"https:\/\/www.trigo.no\/#\/schema\/logo\/image\/","url":"https:\/\/www.trigo.no\/wp-content\/uploads\/2022\/10\/trigo_logo.png","contentUrl":"https:\/\/www.trigo.no\/wp-content\/uploads\/2022\/10\/trigo_logo.png","width":496,"height":128,"caption":"Trigo: Trigo puts you in control of your physical health and wellbeing"},"image":{"@id":"https:\/\/www.trigo.no\/#\/schema\/logo\/image\/"},"sameAs":["https:\/\/www.facebook.com\/profile.php?id=100063561103743","https:\/\/www.linkedin.com\/company\/trigo\/","https:\/\/www.instagram.com\/trigoonthego\/"]}]}},"_links":{"self":[{"href":"https:\/\/www.trigo.no\/en\/wp-json\/wp\/v2\/pages\/296","targetHints":{"allow":["GET"]}}],"collection":[{"href":"https:\/\/www.trigo.no\/en\/wp-json\/wp\/v2\/pages"}],"about":[{"href":"https:\/\/www.trigo.no\/en\/wp-json\/wp\/v2\/types\/page"}],"author":[{"embeddable":true,"href":"https:\/\/www.trigo.no\/en\/wp-json\/wp\/v2\/users\/1"}],"replies":[{"embeddable":true,"href":"https:\/\/www.trigo.no\/en\/wp-json\/wp\/v2\/comments?post=296"}],"version-history":[{"count":122,"href":"https:\/\/www.trigo.no\/en\/wp-json\/wp\/v2\/pages\/296\/revisions"}],"predecessor-version":[{"id":3158,"href":"https:\/\/www.trigo.no\/en\/wp-json\/wp\/v2\/pages\/296\/revisions\/3158"}],"wp:attachment":[{"href":"https:\/\/www.trigo.no\/en\/wp-json\/wp\/v2\/media?parent=296"}],"curies":[{"name":"wp","href":"https:\/\/api.w.org\/{rel}","templated":true}]}}