{"id":1820,"date":"2022-09-13T04:04:24","date_gmt":"2022-09-13T04:04:24","guid":{"rendered":"https:\/\/www.trigo.no\/?page_id=1820"},"modified":"2022-09-22T08:36:42","modified_gmt":"2022-09-22T08:36:42","slug":"partneren","status":"publish","type":"page","link":"https:\/\/www.trigo.no\/en\/partneren","title":{"rendered":"Supporter"},"content":{"rendered":"","protected":false},"excerpt":{"rendered":"","protected":false},"author":1,"featured_media":0,"parent":0,"menu_order":0,"comment_status":"closed","ping_status":"closed","template":"partner-new.php","meta":{"_acf_changed":false,"footnotes":""},"class_list":["post-1820","page","type-page","status-publish","hentry"],"acf":[],"yoast_head":"<!-- This site is optimized with the Yoast SEO plugin v27.5 - https:\/\/yoast.com\/product\/yoast-seo-wordpress\/ -->\n<title>Supporter<\/title>\n<meta name=\"description\" content=\"Supporting innovation in physiotherapy | Trigo is proud to work with partners that share our vision to help improve health and wellbeing.\" \/>\n<meta name=\"robots\" content=\"index, follow, max-snippet:-1, max-image-preview:large, max-video-preview:-1\" \/>\n<link rel=\"canonical\" href=\"https:\/\/www.trigo.no\/en\/partneren\" \/>\n<meta property=\"og:locale\" content=\"en_GB\" \/>\n<meta property=\"og:locale:alternate\" content=\"nb_NO\" \/>\n<meta property=\"og:type\" content=\"article\" \/>\n<meta property=\"og:title\" content=\"Supporter\" \/>\n<meta property=\"og:description\" content=\"Takk til alle v\u00e5re st\u00f8ttespillere som har v\u00e6rt en verdifull hjelp med alt fra \u00f8konomi til r\u00e5d og veiledning p\u00e5 v\u00e5r vei fra id\u00e9 til produkt.\" \/>\n<meta property=\"og:url\" content=\"https:\/\/www.trigo.no\/en\/partneren\" \/>\n<meta property=\"og:site_name\" content=\"Trigo: Trigo puts you in control of your physical health and wellbeing\" \/>\n<meta property=\"article:publisher\" content=\"https:\/\/www.facebook.com\/profile.php?id=100063561103743\" \/>\n<meta property=\"article:modified_time\" content=\"2022-09-22T08:36:42+00:00\" \/>\n<meta name=\"twitter:card\" content=\"summary_large_image\" \/>\n<script type=\"application\/ld+json\" class=\"yoast-schema-graph\">{\"@context\":\"https:\\\/\\\/schema.org\",\"@graph\":[{\"@type\":\"WebPage\",\"@id\":\"https:\\\/\\\/www.trigo.no\\\/partneren\",\"url\":\"https:\\\/\\\/www.trigo.no\\\/partneren\",\"name\":\"Supporter\",\"isPartOf\":{\"@id\":\"https:\\\/\\\/www.trigo.no\\\/#website\"},\"datePublished\":\"2022-09-13T04:04:24+00:00\",\"dateModified\":\"2022-09-22T08:36:42+00:00\",\"description\":\"Takk til alle v\u00e5re st\u00f8ttespillere som har v\u00e6rt en verdifull hjelp med alt fra \u00f8konomi til r\u00e5d og veiledning p\u00e5 v\u00e5r vei fra id\u00e9 til produkt.\",\"breadcrumb\":{\"@id\":\"https:\\\/\\\/www.trigo.no\\\/partneren#breadcrumb\"},\"inLanguage\":\"en-GB\",\"potentialAction\":[{\"@type\":\"ReadAction\",\"target\":[\"https:\\\/\\\/www.trigo.no\\\/partneren\"]}]},{\"@type\":\"BreadcrumbList\",\"@id\":\"https:\\\/\\\/www.trigo.no\\\/partneren#breadcrumb\",\"itemListElement\":[{\"@type\":\"ListItem\",\"position\":1,\"name\":\"Home\",\"item\":\"https:\\\/\\\/www.trigo.no\\\/\"},{\"@type\":\"ListItem\",\"position\":2,\"name\":\"V\u00e5re st\u00f8ttespillere\"}]},{\"@type\":\"WebSite\",\"@id\":\"https:\\\/\\\/www.trigo.no\\\/#website\",\"url\":\"https:\\\/\\\/www.trigo.no\\\/\",\"name\":\"Trigo: Trigo puts you in control of your physical health and wellbeing\",\"description\":\"Trigo puts you in control of your physical health and wellbeing\",\"publisher\":{\"@id\":\"https:\\\/\\\/www.trigo.no\\\/#organization\"},\"alternateName\":\"Trigo Tech AS\",\"potentialAction\":[{\"@type\":\"SearchAction\",\"target\":{\"@type\":\"EntryPoint\",\"urlTemplate\":\"https:\\\/\\\/www.trigo.no\\\/?s={search_term_string}\"},\"query-input\":{\"@type\":\"PropertyValueSpecification\",\"valueRequired\":true,\"valueName\":\"search_term_string\"}}],\"inLanguage\":\"en-GB\"},{\"@type\":\"Organization\",\"@id\":\"https:\\\/\\\/www.trigo.no\\\/#organization\",\"name\":\"Trigo: Trigo puts you in control of your physical health and wellbeing\",\"alternateName\":\"Trigo Tech AS\",\"url\":\"https:\\\/\\\/www.trigo.no\\\/\",\"logo\":{\"@type\":\"ImageObject\",\"inLanguage\":\"en-GB\",\"@id\":\"https:\\\/\\\/www.trigo.no\\\/#\\\/schema\\\/logo\\\/image\\\/\",\"url\":\"https:\\\/\\\/www.trigo.no\\\/wp-content\\\/uploads\\\/2022\\\/10\\\/trigo_logo.png\",\"contentUrl\":\"https:\\\/\\\/www.trigo.no\\\/wp-content\\\/uploads\\\/2022\\\/10\\\/trigo_logo.png\",\"width\":496,\"height\":128,\"caption\":\"Trigo: Trigo puts you in control of your physical health and wellbeing\"},\"image\":{\"@id\":\"https:\\\/\\\/www.trigo.no\\\/#\\\/schema\\\/logo\\\/image\\\/\"},\"sameAs\":[\"https:\\\/\\\/www.facebook.com\\\/profile.php?id=100063561103743\",\"https:\\\/\\\/www.linkedin.com\\\/company\\\/trigo\\\/\",\"https:\\\/\\\/www.instagram.com\\\/trigoonthego\\\/\"]}]}<\/script>\n<!-- \/ Yoast SEO plugin. -->","yoast_head_json":{"title":"Supporter","description":"Supporting innovation in physiotherapy | Trigo is proud to work with partners that share our vision to help improve health and wellbeing.","robots":{"index":"index","follow":"follow","max-snippet":"max-snippet:-1","max-image-preview":"max-image-preview:large","max-video-preview":"max-video-preview:-1"},"canonical":"https:\/\/www.trigo.no\/en\/partneren","og_locale":"en_GB","og_type":"article","og_title":"[:nb]V\u00e5re st\u00f8ttespillere[:en]Supporter[:] | Dette er v\u00e5re bidragsytere","og_description":"Takk til alle v\u00e5re st\u00f8ttespillere som har v\u00e6rt en verdifull hjelp med alt fra \u00f8konomi til r\u00e5d og veiledning p\u00e5 v\u00e5r vei fra id\u00e9 til produkt.","og_url":"https:\/\/www.trigo.no\/en\/partneren","og_site_name":"Trigo: Trigo puts you in control of your physical health and wellbeing","article_publisher":"https:\/\/www.facebook.com\/profile.php?id=100063561103743","article_modified_time":"2022-09-22T08:36:42+00:00","twitter_card":"summary_large_image","schema":{"@context":"https:\/\/schema.org","@graph":[{"@type":"WebPage","@id":"https:\/\/www.trigo.no\/partneren","url":"https:\/\/www.trigo.no\/partneren","name":"Supporter","isPartOf":{"@id":"https:\/\/www.trigo.no\/#website"},"datePublished":"2022-09-13T04:04:24+00:00","dateModified":"2022-09-22T08:36:42+00:00","description":"Takk til alle v\u00e5re st\u00f8ttespillere som har v\u00e6rt en verdifull hjelp med alt fra \u00f8konomi til r\u00e5d og veiledning p\u00e5 v\u00e5r vei fra id\u00e9 til produkt.","breadcrumb":{"@id":"https:\/\/www.trigo.no\/partneren#breadcrumb"},"inLanguage":"en-GB","potentialAction":[{"@type":"ReadAction","target":["https:\/\/www.trigo.no\/partneren"]}]},{"@type":"BreadcrumbList","@id":"https:\/\/www.trigo.no\/partneren#breadcrumb","itemListElement":[{"@type":"ListItem","position":1,"name":"Home","item":"https:\/\/www.trigo.no\/"},{"@type":"ListItem","position":2,"name":"V\u00e5re st\u00f8ttespillere"}]},{"@type":"WebSite","@id":"https:\/\/www.trigo.no\/#website","url":"https:\/\/www.trigo.no\/","name":"Trigo: Trigo puts you in control of your physical health and wellbeing","description":"Trigo puts you in control of your physical health and wellbeing","publisher":{"@id":"https:\/\/www.trigo.no\/#organization"},"alternateName":"Trigo Tech AS","potentialAction":[{"@type":"SearchAction","target":{"@type":"EntryPoint","urlTemplate":"https:\/\/www.trigo.no\/?s={search_term_string}"},"query-input":{"@type":"PropertyValueSpecification","valueRequired":true,"valueName":"search_term_string"}}],"inLanguage":"en-GB"},{"@type":"Organization","@id":"https:\/\/www.trigo.no\/#organization","name":"Trigo: Trigo puts you in control of your physical health and wellbeing","alternateName":"Trigo Tech AS","url":"https:\/\/www.trigo.no\/","logo":{"@type":"ImageObject","inLanguage":"en-GB","@id":"https:\/\/www.trigo.no\/#\/schema\/logo\/image\/","url":"https:\/\/www.trigo.no\/wp-content\/uploads\/2022\/10\/trigo_logo.png","contentUrl":"https:\/\/www.trigo.no\/wp-content\/uploads\/2022\/10\/trigo_logo.png","width":496,"height":128,"caption":"Trigo: Trigo puts you in control of your physical health and wellbeing"},"image":{"@id":"https:\/\/www.trigo.no\/#\/schema\/logo\/image\/"},"sameAs":["https:\/\/www.facebook.com\/profile.php?id=100063561103743","https:\/\/www.linkedin.com\/company\/trigo\/","https:\/\/www.instagram.com\/trigoonthego\/"]}]}},"_links":{"self":[{"href":"https:\/\/www.trigo.no\/en\/wp-json\/wp\/v2\/pages\/1820","targetHints":{"allow":["GET"]}}],"collection":[{"href":"https:\/\/www.trigo.no\/en\/wp-json\/wp\/v2\/pages"}],"about":[{"href":"https:\/\/www.trigo.no\/en\/wp-json\/wp\/v2\/types\/page"}],"author":[{"embeddable":true,"href":"https:\/\/www.trigo.no\/en\/wp-json\/wp\/v2\/users\/1"}],"replies":[{"embeddable":true,"href":"https:\/\/www.trigo.no\/en\/wp-json\/wp\/v2\/comments?post=1820"}],"version-history":[{"count":54,"href":"https:\/\/www.trigo.no\/en\/wp-json\/wp\/v2\/pages\/1820\/revisions"}],"predecessor-version":[{"id":2187,"href":"https:\/\/www.trigo.no\/en\/wp-json\/wp\/v2\/pages\/1820\/revisions\/2187"}],"wp:attachment":[{"href":"https:\/\/www.trigo.no\/en\/wp-json\/wp\/v2\/media?parent=1820"}],"curies":[{"name":"wp","href":"https:\/\/api.w.org\/{rel}","templated":true}]}}